{"id":2076,"date":"2021-11-01T04:20:48","date_gmt":"2021-11-01T04:20:48","guid":{"rendered":"https:\/\/themepanthers.com\/wp\/creote\/v-new\/?page_id=2076"},"modified":"2025-01-30T11:22:42","modified_gmt":"2025-01-30T11:22:42","slug":"home-page-six","status":"publish","type":"page","link":"https:\/\/yunushanyapi.com\/","title":{"rendered":"Home Page Six"},"content":{"rendered":"\t\t<div data-elementor-type=\"wp-page\" data-elementor-id=\"2076\" class=\"elementor elementor-2076\">\n\t\t\t\t\t\t<section class=\"elementor-section elementor-top-section elementor-element elementor-element-367b54a elementor-section-full_width elementor-section-height-default elementor-section-height-default\" data-id=\"367b54a\" data-element_type=\"section\" data-e-type=\"section\" id=\"home\">\n\t\t\t\t\t\t<div class=\"elementor-container elementor-column-gap-no\">\n\t\t\t\t\t<div class=\"elementor-column elementor-col-100 elementor-top-column elementor-element elementor-element-167103a\" data-id=\"167103a\" data-element_type=\"column\" data-e-type=\"column\">\n\t\t\t<div class=\"elementor-widget-wrap elementor-element-populated\">\n\t\t\t\t\t\t<div class=\"elementor-element elementor-element-8f83290 elementor-widget elementor-widget-creote-slider-v2\" data-id=\"8f83290\" data-element_type=\"widget\" data-e-type=\"widget\" data-widget_type=\"creote-slider-v2.default\">\n\t\t\t\t<div class=\"elementor-widget-container\">\n\t\t\t\t\t<section class=\"slider slider_version_v2 style_five  nav_position_one\"> <div class=\"banner-carousel theme_carousel owl-theme owl-carousel\" data-options='{\"loop\": false, \"margin\": 0, \"autoheight\":true, \"lazyload\":true, \"nav\": true, \"dots\": true, \"autoplay\": false, \"autoplayTimeout\": 7000, \"smartSpeed\": 1800, \"responsive\":{ \"0\" :{ \"items\": \"1\" }, \"768\" :{ \"items\" : \"1\" } , \"1000\":{ \"items\" : \"1\" }}}'>     <div class=\"slide-item\"> <div class=\"slide-item-content content_left\"> <div class=\"image-layer\"  style=\"background-image:url(https:\/\/yunushanyapi.com\/wp-content\/uploads\/2024\/12\/banner1.jpg)\" ><\/div> <div class=\"auto-container\"> <div class=\"row\"> <div class=\"col-md-12 col-lg-12 col-sm-12 col-xs-12\"> <div class=\"slider_content\" style=\"padding: 200px 0px;\">  <h6 class=\"animated _fadeInDownBig\"> Yunushan Yap\u0131  <\/h6>   <h1 class=\"animated _fadeInDownBig\"> G\u00fcvenli ve <br> sa\u011fl\u0131kl\u0131 ya\u015fam<br> alanlar\u0131 in\u015fa ediyoruz. <\/h1>    <\/div> <\/div> <\/div> <\/div> <\/div> <\/div>  <div class=\"slide-item\"> <div class=\"slide-item-content content_left\"> <div class=\"image-layer\"  style=\"background-image:url(https:\/\/yunushanyapi.com\/wp-content\/uploads\/2024\/12\/banner2.jpg)\" ><\/div> <div class=\"auto-container\"> <div class=\"row\"> <div class=\"col-md-12 col-lg-12 col-sm-12 col-xs-12\"> <div class=\"slider_content\" style=\"padding: 200px 0px;\">  <h6 class=\"animated _fadeInDownBig\"> Yunushan Yap\u0131 <\/h6>   <h1 class=\"animated _fadeInDownBig\"> hayat\u0131n\u0131z\u0131 daha <br> konforlu hale <br> getirmek i\u00e7in <br>  <\/h1>    <\/div> <\/div> <\/div> <\/div> <\/div> <\/div>     <\/div><\/section>\r\n\t\t\t\t<\/div>\n\t\t\t\t<\/div>\n\t\t\t\t\t<\/div>\n\t\t<\/div>\n\t\t\t\t\t<\/div>\n\t\t<\/section>\n\t\t\t\t<section class=\"elementor-section elementor-top-section elementor-element elementor-element-464381a elementor-section-boxed elementor-section-height-default elementor-section-height-default\" data-id=\"464381a\" data-element_type=\"section\" data-e-type=\"section\" id=\"service\" data-settings=\"{&quot;background_background&quot;:&quot;classic&quot;}\">\n\t\t\t\t\t\t<div class=\"elementor-container elementor-column-gap-no\">\n\t\t\t\t\t<div class=\"elementor-column elementor-col-100 elementor-top-column elementor-element elementor-element-f4bf054\" data-id=\"f4bf054\" data-element_type=\"column\" data-e-type=\"column\">\n\t\t\t<div class=\"elementor-widget-wrap\">\n\t\t\t\t\t\t\t<\/div>\n\t\t<\/div>\n\t\t\t\t\t<\/div>\n\t\t<\/section>\n\t\t\t\t<section class=\"elementor-section elementor-top-section elementor-element elementor-element-a6d1f7d elementor-section-boxed elementor-section-height-default elementor-section-height-default\" data-id=\"a6d1f7d\" data-element_type=\"section\" data-e-type=\"section\" data-settings=\"{&quot;background_background&quot;:&quot;classic&quot;}\">\n\t\t\t\t\t\t<div class=\"elementor-container elementor-column-gap-default\">\n\t\t\t\t\t<div class=\"elementor-column elementor-col-100 elementor-top-column elementor-element elementor-element-2e527e9\" data-id=\"2e527e9\" data-element_type=\"column\" data-e-type=\"column\">\n\t\t\t<div class=\"elementor-widget-wrap elementor-element-populated\">\n\t\t\t\t\t\t<div class=\"elementor-element elementor-element-37d92d7 elementor-invisible elementor-widget elementor-widget-creote-title-v1\" data-id=\"37d92d7\" data-element_type=\"widget\" data-e-type=\"widget\" data-settings=\"{&quot;_animation&quot;:&quot;fadeInUp&quot;}\" data-widget_type=\"creote-title-v1.default\">\n\t\t\t\t<div class=\"elementor-widget-container\">\n\t\t\t\t\t<div class=\"title_all_box style_five light_color\">\r\n            <!-- Title style five -->\r\n        <div class=\"title_sections five center\">\r\n                                        <div class=\"title\">\r\n                    Projeler                <\/div>\r\n                                <\/div>\r\n        <!-- End of title style five -->\r\n\r\n    <\/div>\r\n\t\t\t\t<\/div>\n\t\t\t\t<\/div>\n\t\t\t\t<div class=\"elementor-element elementor-element-3bf3f24 elementor-invisible elementor-widget elementor-widget-creote-timeline-v1\" data-id=\"3bf3f24\" data-element_type=\"widget\" data-e-type=\"widget\" data-settings=\"{&quot;_animation&quot;:&quot;fadeInUp&quot;}\" data-widget_type=\"creote-timeline-v1.default\">\n\t\t\t\t<div class=\"elementor-widget-container\">\n\t\t\t\t\t \r\n<section class=\"time_line_section style_two\"> <div class=\"swiper-container swiper__center_three_test\">  <div class=\"swiper-wrapper\">   <div class=\"swiper-slide\"> <div class=\"event_box type_two\"> <div class=\"date_box \"> <h6>Te\u015fvikiye Konaklar\u0131<\/h6> <\/div> <div class=\"content_box \">  <div class=\"image\"> <img decoding=\"async\" src=\"https:\/\/yunushanyapi.com\/wp-content\/uploads\/2024\/12\/fb77eecc-3abe-40ed-bdd4-f82a35c99595.jpg\" alt=\"image\" \/> <\/div>  <div class=\"c_box\">\r\n     <h2 class=\"t_title\"> \r\n        <a href=\"#\"  target=&quot;_blank&quot;  rel=&quot;nofollow&quot;>  <\/a> \r\n    <\/h2>\r\n    <p> Yalova'n\u0131n \u00c7\u0131narc\u0131k il\u00e7esinde Te\u015fvikiye beldesinde do\u011fayla i\u00e7 i\u00e7e 20 daireli projemiz<\/p> \r\n<\/div> <\/div>\r\n <\/div> <\/div>\r\n     <div class=\"swiper-slide\"> <div class=\"event_box type_two\"> <div class=\"date_box \"> <h6>Demirhan Apartman\u0131<\/h6> <\/div> <div class=\"content_box \">  <div class=\"image\"> <img decoding=\"async\" src=\"https:\/\/yunushanyapi.com\/wp-content\/uploads\/2024\/12\/9a7becb9-bb8f-4730-a6db-2cdc05171cde.jpg\" alt=\"image\" \/> <\/div>  <div class=\"c_box\">\r\n     <h2 class=\"t_title\"> \r\n        <a href=\"#\"  target=&quot;_blank&quot;  rel=&quot;nofollow&quot;>  <\/a> \r\n    <\/h2>\r\n    <p> Yalova'da Dere Mahallesi mevkiinde, 12 Daire, 2 d\u00fckkanl\u0131k projemiz.<\/p> \r\n<\/div> <\/div>\r\n <\/div> <\/div>\r\n     <div class=\"swiper-slide\"> <div class=\"event_box type_two\"> <div class=\"date_box \"> <h6>Demirhan 2 Apartman\u0131<\/h6> <\/div> <div class=\"content_box \">  <div class=\"image\"> <img decoding=\"async\" src=\"https:\/\/yunushanyapi.com\/wp-content\/uploads\/2024\/12\/6d27460c-ba63-4703-bf44-a0c8853873ea.jpg\" alt=\"image\" \/> <\/div>  <div class=\"c_box\">\r\n     <h2 class=\"t_title\"> \r\n        <a href=\"#\"  target=&quot;_blank&quot;  rel=&quot;nofollow&quot;>  <\/a> \r\n    <\/h2>\r\n    <p> Yalova Hac\u0131 Mehmet Ovas\u0131 Mevkiinde Atakent Hastanesinin yan\u0131nda, 2 blok i\u00e7inde 10 daire ve 2 d\u00fckkanl\u0131k projemiz<\/p> \r\n<\/div> <\/div>\r\n <\/div> <\/div>\r\n     <div class=\"swiper-slide\"> <div class=\"event_box type_two\"> <div class=\"date_box \"> <h6>G\u00fcng\u00f6ren \u0130\u015f Merkezi<\/h6> <\/div> <div class=\"content_box \">  <div class=\"image\"> <img decoding=\"async\" src=\"https:\/\/yunushanyapi.com\/wp-content\/uploads\/2024\/12\/ac30086d-220a-4ce6-822c-1e90c52c667e.jpg\" alt=\"image\" \/> <\/div>  <div class=\"c_box\">\r\n     <h2 class=\"t_title\"> \r\n        <a href=\"#\"  target=&quot;_blank&quot;  rel=&quot;nofollow&quot;>  <\/a> \r\n    <\/h2>\r\n    <p> \u0130stanbul Ba\u011fc\u0131lar, G\u00fcng\u00f6ren mevkiinde 9 katl\u0131 i\u015f merkezi projemiz<\/p> \r\n<\/div> <\/div>\r\n <\/div> <\/div>\r\n    <\/div> <\/div> <\/section>\r\n\t\t\t\t<\/div>\n\t\t\t\t<\/div>\n\t\t\t\t\t<\/div>\n\t\t<\/div>\n\t\t\t\t\t<\/div>\n\t\t<\/section>\n\t\t\t\t<section class=\"elementor-section elementor-top-section elementor-element elementor-element-9275467 primarg_bg_color elementor-section-boxed elementor-section-height-default elementor-section-height-default elementor-invisible\" data-id=\"9275467\" data-element_type=\"section\" data-e-type=\"section\" data-settings=\"{&quot;background_background&quot;:&quot;classic&quot;,&quot;animation&quot;:&quot;fadeIn&quot;}\">\n\t\t\t\t\t\t<div class=\"elementor-container elementor-column-gap-default\">\n\t\t\t\t\t<div class=\"elementor-column elementor-col-100 elementor-top-column elementor-element elementor-element-661f709\" data-id=\"661f709\" data-element_type=\"column\" data-e-type=\"column\">\n\t\t\t<div class=\"elementor-widget-wrap\">\n\t\t\t\t\t\t\t<\/div>\n\t\t<\/div>\n\t\t\t\t\t<\/div>\n\t\t<\/section>\n\t\t\t\t<\/div>\n\t\t","protected":false},"excerpt":{"rendered":"<p>Yunushan Yap\u0131 G\u00fcvenli ve sa\u011fl\u0131kl\u0131 ya\u015fam alanlar\u0131 in\u015fa ediyoruz. Yunushan Yap\u0131 hayat\u0131n\u0131z\u0131 daha konforlu hale getirmek i\u00e7in Projeler Te\u015fvikiye Konaklar\u0131 Yalova&#8217;n\u0131n \u00c7\u0131narc\u0131k il\u00e7esinde Te\u015fvikiye beldesinde do\u011fayla i\u00e7 i\u00e7e 20 daireli projemiz Demirhan Apartman\u0131 Yalova&#8217;da Dere Mahallesi mevkiinde, 12 Daire, 2 d\u00fckkanl\u0131k projemiz. Demirhan 2 Apartman\u0131 Yalova Hac\u0131 Mehmet Ovas\u0131 Mevkiinde Atakent Hastanesinin yan\u0131nda, 2 blok [&hellip;]<\/p>\n","protected":false},"author":1,"featured_media":0,"parent":0,"menu_order":0,"comment_status":"closed","ping_status":"closed","template":"template-homepage.php","meta":{"content-type":"","footnotes":""},"class_list":["post-2076","page","type-page","status-publish","hentry"],"_links":{"self":[{"href":"https:\/\/yunushanyapi.com\/index.php\/wp-json\/wp\/v2\/pages\/2076","targetHints":{"allow":["GET"]}}],"collection":[{"href":"https:\/\/yunushanyapi.com\/index.php\/wp-json\/wp\/v2\/pages"}],"about":[{"href":"https:\/\/yunushanyapi.com\/index.php\/wp-json\/wp\/v2\/types\/page"}],"author":[{"embeddable":true,"href":"https:\/\/yunushanyapi.com\/index.php\/wp-json\/wp\/v2\/users\/1"}],"replies":[{"embeddable":true,"href":"https:\/\/yunushanyapi.com\/index.php\/wp-json\/wp\/v2\/comments?post=2076"}],"version-history":[{"count":22,"href":"https:\/\/yunushanyapi.com\/index.php\/wp-json\/wp\/v2\/pages\/2076\/revisions"}],"predecessor-version":[{"id":6562,"href":"https:\/\/yunushanyapi.com\/index.php\/wp-json\/wp\/v2\/pages\/2076\/revisions\/6562"}],"wp:attachment":[{"href":"https:\/\/yunushanyapi.com\/index.php\/wp-json\/wp\/v2\/media?parent=2076"}],"curies":[{"name":"wp","href":"https:\/\/api.w.org\/{rel}","templated":true}]}}