{"id":4327,"date":"2022-05-23T16:08:49","date_gmt":"2022-05-23T16:08:49","guid":{"rendered":"https:\/\/themepanthers.com\/wp\/creote\/v1-wp\/?page_id=4327"},"modified":"2024-12-28T13:59:19","modified_gmt":"2024-12-28T13:59:19","slug":"about-us","status":"publish","type":"page","link":"https:\/\/yunushanyapi.com\/index.php\/about-us\/","title":{"rendered":"About Us"},"content":{"rendered":"<div class=\"wpb-content-wrapper\"><p>[vc_row custom_padding=&#8221;0px 0px 30px 0px&#8221;][vc_column width=&#8221;1\/2&#8243; el_class=&#8221;z_index_up&#8221; css=&#8221;.vc_custom_1653394469415{padding-bottom: 50px !important;}&#8221;]<div class=\"title_all_box  dark_color  \r\nstyle_one\"     style='text-align: left!important;'>\r\n                               <div class=\"title_sections\">\r\n                                     <div class=\"before_title\" style=' '>\r\n                  Yunushan Yap\u0131                  <\/div>\r\n                                                      <h2 style='  '>  Hakk\u0131m\u0131zda<\/h2>\r\n                                                <\/div>\r\n                            \r\n        <\/div>\r\n[vc_empty_space height=&#8221;25px&#8221;][vc_empty_space height=&#8221;25px&#8221;]<div class=\"description_box\" style='text-align: left!important;' >\r\n                                    <p style=' padding: 0px!important; margin: 0px!important; '>1999 y\u0131l\u0131nda \u00d6mer Demirhan taraf\u0131ndan ayn\u0131 adla kurulan firmam\u0131z, in\u015faat sekt\u00f6r\u00fcndeki \u00f6nc\u00fc firmalardan biri olarak kaliteli i\u015fler \u00fcretmek i\u00e7in s\u00fcrekli \u00e7aba g\u00f6steriyor. \u0130\u015fimize adanm\u0131\u015fl\u0131k, deneyim ve yarat\u0131c\u0131l\u0131k ile, m\u00fc\u015fterilerimizin beklentilerini kar\u015f\u0131lamak i\u00e7in projelerimize \u00f6zen g\u00f6steriyoruz.<\/p>\n<p>&nbsp;<\/p>\n<p>&nbsp;<\/p>\n<p>Firmam\u0131z, geni\u015f bir yelpazede in\u015faat hizmetleri sunmaktad\u0131r. M\u00fc\u015fterilerimizin ihtiya\u00e7lar\u0131n\u0131 anlamak ve ihtiya\u00e7lar\u0131na y\u00f6nelik en uygun \u00e7\u00f6z\u00fcmleri \u00fcretmek i\u00e7in projelerimize \u00f6zenle yakla\u015f\u0131yoruz. Bu, m\u00fc\u015fterilerimiz i\u00e7in en iyi sonu\u00e7lar\u0131 elde etti\u011fimizi garanti etmemizi sa\u011flar.<\/p>\n<p>&nbsp;<\/p>\n<p>&nbsp;<\/p>\n<p>\u0130n\u015faat projelerinde kalite, b\u00fct\u00fcnl\u00fck ve zaman\u0131nda teslimat konular\u0131nda inan\u0131lmaz bir \u00fcne sahibiz. E\u011fitimli ve deneyimli personelimiz, her projeyi ba\u015ftan sona tamamlamak i\u00e7in gerekli ara\u00e7 ve donan\u0131ma sahiptir. Sekt\u00f6rdeki en son teknolojileri kullanarak, i\u015fimizi m\u00fcmk\u00fcn olan en y\u00fcksek kalitede tamaml\u0131yoruz.<\/p>\n<p>&nbsp;<\/p>\n<p>Siz de in\u015faat projelerinizde bize g\u00fcvenebilirsiniz. \u0130htiya\u00e7lar\u0131n\u0131za uygun en uygun \u00e7\u00f6z\u00fcmleri bulmak i\u00e7in sizinle birlikte \u00e7al\u0131\u015faca\u011f\u0131z. \u0130ster ticari, ister konut projeleri olsun, size en iyi hizmeti sunmak i\u00e7in buraday\u0131z. Bizimle \u00e7al\u0131\u015farak, in\u015faat projelerinizin en y\u00fcksek kalitede, zaman\u0131nda ve b\u00fct\u00e7enizi a\u015fmadan tamamlanaca\u011f\u0131n\u0131 garanti ediyoruz.<\/p>\r\n                      \r\n        <\/div>\r\n[vc_empty_space height=&#8221;25px&#8221;][\/vc_column][vc_column width=&#8221;1\/2&#8243; css=&#8221;.vc_custom_1653394456283{padding-bottom: 50px !important;}&#8221;]                <div class=\"image_boxes style_two\">\r\n                                    <img decoding=\"async\" src=\"https:\/\/yunushanyapi.com\/wp-content\/uploads\/2022\/05\/shape-1.png\" class=\"background_image\" alt=\"image\" \/>\r\n                                                <div class=\"image one\">\r\n                    <img decoding=\"async\" src=\"https:\/\/yunushanyapi.com\/wp-content\/uploads\/2022\/05\/about-us-1-min.png\" class=\"img\" alt=\"image\" \/>\r\n                <\/div>\r\n                                                <div class=\"image two\">\r\n                    <img decoding=\"async\" src=\"https:\/\/yunushanyapi.com\/wp-content\/uploads\/2022\/05\/about-us-2-min.png\" class=\"img\" alt=\"image\" \/>\r\n                                    <div class=\"video_box\">\r\n                    <a href=\"https:\/\/www.youtube.com\/embed\/-VK0axfge4A\" class=\"lightbox-image\"><i class=\"icon-play\"><\/i><\/a>\r\n                <\/div>\r\n                                <\/div>\r\n                                                <div class=\"authour_quotes\">\r\n                        <i class=\"icon-quote\"><\/i>\r\n                        <h6>    Making What\u2019s Possible in Human Resource<\/h6>\r\n                        <p>   \/  Liam Oliver<\/p>\r\n                <\/div>\r\n                            <\/div>\r\n             \r\n[\/vc_column][\/vc_row][vc_row][vc_column][vc_zigzag color=&#8221;turquoise&#8221; el_border_width=&#8221;15&#8243;][\/vc_column][\/vc_row]<\/p>\n<\/div>","protected":false},"excerpt":{"rendered":"<p>[vc_row custom_padding=&#8221;0px 0px 30px 0px&#8221;][vc_column width=&#8221;1\/2&#8243; el_class=&#8221;z_index_up&#8221; css=&#8221;.vc_custom_1653394469415{padding-bottom: 50px !important;}&#8221;][vc_empty_space height=&#8221;25px&#8221;][vc_empty_space height=&#8221;25px&#8221;][vc_empty_space height=&#8221;25px&#8221;][\/vc_column][vc_column width=&#8221;1\/2&#8243; css=&#8221;.vc_custom_1653394456283{padding-bottom: 50px !important;}&#8221;][\/vc_column][\/vc_row][vc_row][vc_column][vc_zigzag color=&#8221;turquoise&#8221; el_border_width=&#8221;15&#8243;][\/vc_column][\/vc_row]<\/p>\n","protected":false},"author":1,"featured_media":0,"parent":0,"menu_order":0,"comment_status":"closed","ping_status":"closed","template":"template-fullwidth.php","meta":{"content-type":"","footnotes":""},"class_list":["post-4327","page","type-page","status-publish","hentry"],"_links":{"self":[{"href":"https:\/\/yunushanyapi.com\/index.php\/wp-json\/wp\/v2\/pages\/4327","targetHints":{"allow":["GET"]}}],"collection":[{"href":"https:\/\/yunushanyapi.com\/index.php\/wp-json\/wp\/v2\/pages"}],"about":[{"href":"https:\/\/yunushanyapi.com\/index.php\/wp-json\/wp\/v2\/types\/page"}],"author":[{"embeddable":true,"href":"https:\/\/yunushanyapi.com\/index.php\/wp-json\/wp\/v2\/users\/1"}],"replies":[{"embeddable":true,"href":"https:\/\/yunushanyapi.com\/index.php\/wp-json\/wp\/v2\/comments?post=4327"}],"version-history":[{"count":3,"href":"https:\/\/yunushanyapi.com\/index.php\/wp-json\/wp\/v2\/pages\/4327\/revisions"}],"predecessor-version":[{"id":6573,"href":"https:\/\/yunushanyapi.com\/index.php\/wp-json\/wp\/v2\/pages\/4327\/revisions\/6573"}],"wp:attachment":[{"href":"https:\/\/yunushanyapi.com\/index.php\/wp-json\/wp\/v2\/media?parent=4327"}],"curies":[{"name":"wp","href":"https:\/\/api.w.org\/{rel}","templated":true}]}}